{"id":13,"date":"2010-05-04T22:00:00","date_gmt":"2010-05-04T22:00:00","guid":{"rendered":"http:\/\/www.forskolansture.se\/?page_id=13"},"modified":"2025-10-08T18:12:12","modified_gmt":"2025-10-08T16:12:12","slug":"kontakt","status":"publish","type":"page","link":"https:\/\/www.forskolansture.se\/?page_id=13","title":{"rendered":"Kontakt"},"content":{"rendered":"<p><a href=\"https:\/\/www.forskolansture.se\/?attachment_id=1389\" rel=\"attachment wp-att-1389\"><img loading=\"lazy\" class=\"aligncenter size-full wp-image-1389\" src=\"https:\/\/www.forskolansture.se\/wp-content\/uploads\/2020\/05\/foraldrakooperativet-sture-inomhus-4.jpg\" alt=\"\" width=\"1407\" height=\"938\" srcset=\"https:\/\/www.forskolansture.se\/wp-content\/uploads\/2020\/05\/foraldrakooperativet-sture-inomhus-4.jpg 1407w, https:\/\/www.forskolansture.se\/wp-content\/uploads\/2020\/05\/foraldrakooperativet-sture-inomhus-4-300x200.jpg 300w, https:\/\/www.forskolansture.se\/wp-content\/uploads\/2020\/05\/foraldrakooperativet-sture-inomhus-4-1024x683.jpg 1024w, https:\/\/www.forskolansture.se\/wp-content\/uploads\/2020\/05\/foraldrakooperativet-sture-inomhus-4-768x512.jpg 768w\" sizes=\"(max-width: 1407px) 100vw, 1407px\" \/><\/a><br \/>\nF\u00f6r\u00e4ldrakooperativet Sture<br \/>\nL\u00e4stringev\u00e4gen 16<br \/>\n125 42 \u00c4LVSJ\u00d6<\/p>\n<h4><strong>Telefon<br \/>\n<\/strong><\/h4>\n<p>Rektor: 070 749 85 25<br \/>\nUtforskarna: 076 008 37 62<br \/>\nUppt\u00e4ckarna: 076 036 29 58<\/p>\n<h4><strong>E-post<\/strong><\/h4>\n<p><a href=\"mailto:styrelsen@forskolansture.se\">styrelsen@forskolansture.se<\/a><\/p>\n<h4><strong>Hitta till oss<\/strong><\/h4>\n<p>Buss 161, 163 och 165 stannar vid h\u00e5llplats \u00d6rby skola p\u00e5 Gamla Huddingv\u00e4gen. F\u00f6rskolan Sture ligger cirka 100 meter fr\u00e5n bussh\u00e5llplatsen.<\/p>\n<p>Buss 161 och 163 \u00e5ker till pendelt\u00e5gsstationen i \u00c4lvsj\u00f6 eller tunnelbanestationerna i Bandhagen och Svedmyra. Till fots tar det cirka tio minuter till \u00c4lvsj\u00f6.<\/p>\n<p>Med buss 165 tar du dig till H\u00f6gdalen eller Liljeholmen. Mer information finns p\u00e5 <a title=\"SL\" href=\"http:\/\/www.sl.se\" target=\"_blank\" rel=\"noopener noreferrer\">SL:s webbplats<\/a>. Det finns \u00e4ven m\u00f6jlighet att parkera bilar i n\u00e4rheten av f\u00f6rskolan.<\/p>\n<p><a href=\"https:\/\/www.google.se\/maps\/place\/F%C3%B6rskolan+Sture\/@59.2762403,18.0250235,17z\/data=!4m13!1m7!3m6!1s0x465f7773c99745df:0xa52af1ee04dc5164!2zTMOkc3RyaW5nZXbDpGdlbiAxNiwgMTI1IDQzIMOEbHZzasO2!3b1!8m2!3d59.2762403!4d18.0272122!3m4!1s0x465f7773c99745df:0x52b190a5ded9766d!8m2!3d59.2762403!4d18.0272122\">Se karta p\u00e5\u00a0Google Maps<\/a><\/p>\n<h4><strong>\u00d6ppettider<\/strong><\/h4>\n<p>Stures \u00f6ppettider \u00e4r i dagsl\u00e4get 07:30 \u2013 17:00, m\u00e5ndag \u2013 fredag.\u00a0Vid behov \u00e4r vi skyldiga att\u00a0h\u00e5lla \u00f6ppet f\u00f6r de barn som beh\u00f6ver omsorg. Vi f\u00f6ljer Stockholms kommuns beslut om\u00a0ramtiden och kan vid behov tillhandah\u00e5lla \u00f6ppettider mellan kl. 06:30-18:30.<\/p>\n<h4><strong>Synpunkter\/Klagom\u00e5l<\/strong><\/h4>\n<p>Om ni har synpunkter eller klagom\u00e5l p\u00e5 verksamheten kontaktar ni v\u00e5r rektor via\u00a0<a href=\"mailto:rektor@forskolansture.se\" target=\"_blank\" rel=\"noopener noreferrer\">rektor@forskolansture.se<\/a>. Ni har ocks\u00e5 m\u00f6jlighet att fylla i en klagom\u00e5lsblankett, blanketten finns p\u00e5 Sture och \u00e4ven i Stures dropboxmapp f\u00f6r F\u00f6r\u00e4ldrar. Blanketten kan l\u00e4mnas direkt till f\u00f6rskolan eller skickas till F\u00f6r\u00e4ldrakooperativet Sture, L\u00e4stringev\u00e4gen 16, 125 42 \u00c4LVSJ\u00d6. Vid mottagande tas \u00e4rendet upp av styrelsen f\u00f6r behandling och ni erh\u00e5ller en \u00e5terkoppling d\u00e4rifr\u00e5n snarast m\u00f6jligt. Om man vill l\u00e4mna in sin synpunkt anonymt g\u00e5r det bra att l\u00e4gga den i brevl\u00e5dan.<\/p>\n<p>Om du inte \u00e4r n\u00f6jd med huvudmannens hantering av ditt \u00e4rende kan du g\u00f6ra en anm\u00e4lan till Skolinspektionen. F\u00f6r mer information, se\u00a0<a href=\"https:\/\/www.skolinspektionen.se\/\" target=\"_blank\" rel=\"noopener noreferrer\" data-saferedirecturl=\"https:\/\/www.google.com\/url?q=https:\/\/www.skolinspektionen.se\/&amp;source=gmail&amp;ust=1609412711872000&amp;usg=AFQjCNGjyZVhpNVWlj3jVXywH5hO3bb5RQ\">https:\/\/www.skolinspektionen.<wbr \/>se\/<\/a>.<\/p>\n","protected":false},"excerpt":{"rendered":"<p>F\u00f6r\u00e4ldrakooperativet Sture L\u00e4stringev\u00e4gen 16 125 42 \u00c4LVSJ\u00d6 Telefon Rektor: 070 749 85 25 Utforskarna: 076 008 37 62 Uppt\u00e4ckarna: 076 036 29 58 E-post styrelsen@forskolansture.se Hitta till oss Buss 161, 163 och 165 stannar vid h\u00e5llplats \u00d6rby skola p\u00e5 Gamla Huddingv\u00e4gen. F\u00f6rskolan Sture ligger cirka 100 meter fr\u00e5n bussh\u00e5llplatsen. Buss 161 och 163 \u00e5ker till &hellip; <a href=\"https:\/\/www.forskolansture.se\/?page_id=13\" class=\"more-link\">Continue reading <span class=\"screen-reader-text\">Kontakt<\/span><\/a><\/p>\n","protected":false},"author":1,"featured_media":0,"parent":0,"menu_order":9,"comment_status":"closed","ping_status":"closed","template":"","meta":[],"featured_image_urls":{"full":"","thumbnail":"","medium":"","medium_large":"","large":"","1536x1536":"","2048x2048":"","post-thumbnail":""},"post_excerpt_stackable":"<p>F\u00f6r\u00e4ldrakooperativet Sture L\u00e4stringev\u00e4gen 16 125 42 \u00c4LVSJ\u00d6 Telefon Rektor: 070 749 85 25 Utforskarna: 076 008 37 62 Uppt\u00e4ckarna: 076 036 29 58 E-post styrelsen@forskolansture.se Hitta till oss Buss 161, 163 och 165 stannar vid h\u00e5llplats \u00d6rby skola p\u00e5 Gamla Huddingv\u00e4gen. F\u00f6rskolan Sture ligger cirka 100 meter fr\u00e5n bussh\u00e5llplatsen. Buss 161 och 163 \u00e5ker till pendelt\u00e5gsstationen i \u00c4lvsj\u00f6 eller tunnelbanestationerna i Bandhagen och Svedmyra. Till fots tar det cirka tio minuter till \u00c4lvsj\u00f6. Med buss 165 tar du dig till H\u00f6gdalen eller Liljeholmen. Mer information finns p\u00e5 SL:s webbplats. Det finns \u00e4ven m\u00f6jlighet att parkera bilar i n\u00e4rheten av f\u00f6rskolan.&hellip;<\/p>\n","category_list":"","author_info":{"name":"admin","url":"https:\/\/www.forskolansture.se\/?author=1"},"comments_num":"0 comments","_links":{"self":[{"href":"https:\/\/www.forskolansture.se\/index.php?rest_route=\/wp\/v2\/pages\/13"}],"collection":[{"href":"https:\/\/www.forskolansture.se\/index.php?rest_route=\/wp\/v2\/pages"}],"about":[{"href":"https:\/\/www.forskolansture.se\/index.php?rest_route=\/wp\/v2\/types\/page"}],"author":[{"embeddable":true,"href":"https:\/\/www.forskolansture.se\/index.php?rest_route=\/wp\/v2\/users\/1"}],"replies":[{"embeddable":true,"href":"https:\/\/www.forskolansture.se\/index.php?rest_route=%2Fwp%2Fv2%2Fcomments&post=13"}],"version-history":[{"count":52,"href":"https:\/\/www.forskolansture.se\/index.php?rest_route=\/wp\/v2\/pages\/13\/revisions"}],"predecessor-version":[{"id":1527,"href":"https:\/\/www.forskolansture.se\/index.php?rest_route=\/wp\/v2\/pages\/13\/revisions\/1527"}],"wp:attachment":[{"href":"https:\/\/www.forskolansture.se\/index.php?rest_route=%2Fwp%2Fv2%2Fmedia&parent=13"}],"curies":[{"name":"wp","href":"https:\/\/api.w.org\/{rel}","templated":true}]}}