{"id":215,"date":"2010-05-20T08:33:50","date_gmt":"2010-05-20T08:33:50","guid":{"rendered":"http:\/\/www.forskolansture.se\/?page_id=215"},"modified":"2024-09-21T12:37:32","modified_gmt":"2024-09-21T10:37:32","slug":"stalla-sig-i-ko","status":"publish","type":"page","link":"https:\/\/www.forskolansture.se\/?page_id=215","title":{"rendered":"St\u00e4lla sig i k\u00f6"},"content":{"rendered":"<h4><a href=\"https:\/\/www.forskolansture.se\/?attachment_id=1385\" rel=\"attachment wp-att-1385\"><img loading=\"lazy\" class=\"aligncenter size-full wp-image-1385\" src=\"https:\/\/www.forskolansture.se\/wp-content\/uploads\/2020\/05\/foraldrakooperativet-sture-inomhus-3.jpg\" alt=\"\" width=\"1304\" height=\"932\" srcset=\"https:\/\/www.forskolansture.se\/wp-content\/uploads\/2020\/05\/foraldrakooperativet-sture-inomhus-3.jpg 1304w, https:\/\/www.forskolansture.se\/wp-content\/uploads\/2020\/05\/foraldrakooperativet-sture-inomhus-3-300x214.jpg 300w, https:\/\/www.forskolansture.se\/wp-content\/uploads\/2020\/05\/foraldrakooperativet-sture-inomhus-3-1024x732.jpg 1024w, https:\/\/www.forskolansture.se\/wp-content\/uploads\/2020\/05\/foraldrakooperativet-sture-inomhus-3-768x549.jpg 768w\" sizes=\"(max-width: 1304px) 100vw, 1304px\" \/><\/a><br \/>\nB\u00f6rja hos oss<\/h4>\n<p>Sedan sommaren 2013 finns vi med i Stockholms kommuns f\u00f6rskolek\u00f6. H\u00e4r hittar du oss p\u00e5 <a href=\"https:\/\/forskola.stockholm\/hitta-forskola\/forskola\/foraldrakooperativet-sture\">Stockholms Stads sida <\/a>och f\u00f6r att ans\u00f6ka om plats p\u00e5 F\u00f6r\u00e4ldrakooperativet Sture. Du \u00e4r \u00e4ven v\u00e4lkommen att kontakta oss om du vill anm\u00e4la ditt intresse.<\/p>\n<h4><strong>S\u00e5 ans\u00f6ker du<\/strong><\/h4>\n<ul data-rte-list=\"default\">\n<li>\n<p class=\"\">F\u00f6r\u00e4ldrakooperativet Sture \u00e4r med i Stockholms ans\u00f6kningssystem och e-tj\u00e4nsten \u201dF\u00f6rskola och pedagogisk omsorg\u201d, d\u00e4r du kan st\u00e4lla ditt barn i k\u00f6 till v\u00e5r f\u00f6rskola.<\/p>\n<\/li>\n<li>\n<p class=\"\">Vi f\u00f6ljer Stockholms stads k\u00f6regler f\u00f6r intagning och plats i f\u00f6rskola vilket inneb\u00e4r f\u00f6ljande ordning:<\/p>\n<ul data-rte-list=\"default\">\n<li>\n<p class=\"\">1. Barn med syskon i samma hush\u00e5ll som redan \u00e4r placerade p\u00e5 f\u00f6rskolan.<\/p>\n<\/li>\n<li>\n<p class=\"\">2. Barn med l\u00e4ngst k\u00f6tid till f\u00f6rskolan. Om flera barn har samma k\u00f6tid ligger barnets f\u00f6delsedatum till grund f\u00f6r placering, dvs. \u00e4ldre barn g\u00e5r f\u00f6re yngre.<\/p>\n<\/li>\n<\/ul>\n<\/li>\n<li>\n<p class=\"\">Vi har en huvudintagning som sker augusti d\u00e5 de platser som blir lediga n\u00e4r barnen som g\u00e5r till\u00a0f\u00f6rskoleklass i skolan ska ers\u00e4ttas. Ut\u00f6ver det tar vi in barn om n\u00e5gon plats blir ledig, d\u00e5 f\u00f6ljer vi\u00a0de k\u00f6regler som g\u00e4ller.<\/p>\n<\/li>\n<li>\n<p class=\"\">Vi f\u00f6ljer Stockholms stads regler om maxtaxa.<\/p>\n<\/li>\n<\/ul>\n<p>Kom g\u00e4rna och bes\u00f6k oss! \u00a0Ring s\u00e5 bokar vi en tid. Tel rektor: 070-749 85 25<\/p>\n<div><b>Ansvar f\u00f6r\u00e4ldrakooperativ<\/b><\/div>\n<div>\n<p>Som medlemmar i v\u00e5rt f\u00f6r\u00e4ldrakooperativ \u00e4r alla f\u00f6r\u00e4ldrar engagerade i barnens utveckling och trivsel genom arbetsgrupper och som medlemmar i styrelsen. Vi driver verksamheten tillsammans och den tid vi l\u00e4gger ner ger resultat och en v\u00e4rdefull samh\u00f6righet. F\u00f6r\u00e4ldrarnas arbete kan utf\u00f6ras p\u00e5 fritiden och vi arbetar inte i verksamheten under dagtid. Varje familj ansvarar f\u00f6r st\u00e4dning av f\u00f6rskolan tv\u00e5 veckor per termin, ett arbete som \u00e4ven kan best\u00e4llas av en st\u00e4dfirma.<\/p>\n<\/div>\n","protected":false},"excerpt":{"rendered":"<p>B\u00f6rja hos oss Sedan sommaren 2013 finns vi med i Stockholms kommuns f\u00f6rskolek\u00f6. H\u00e4r hittar du oss p\u00e5 Stockholms Stads sida och f\u00f6r att ans\u00f6ka om plats p\u00e5 F\u00f6r\u00e4ldrakooperativet Sture. Du \u00e4r \u00e4ven v\u00e4lkommen att kontakta oss om du vill anm\u00e4la ditt intresse. S\u00e5 ans\u00f6ker du F\u00f6r\u00e4ldrakooperativet Sture \u00e4r med i Stockholms ans\u00f6kningssystem och e-tj\u00e4nsten &hellip; <a href=\"https:\/\/www.forskolansture.se\/?page_id=215\" class=\"more-link\">Continue reading <span class=\"screen-reader-text\">St\u00e4lla sig i k\u00f6<\/span><\/a><\/p>\n","protected":false},"author":1,"featured_media":0,"parent":0,"menu_order":8,"comment_status":"closed","ping_status":"open","template":"","meta":[],"featured_image_urls":{"full":"","thumbnail":"","medium":"","medium_large":"","large":"","1536x1536":"","2048x2048":"","post-thumbnail":""},"post_excerpt_stackable":"<p>B\u00f6rja hos oss Sedan sommaren 2013 finns vi med i Stockholms kommuns f\u00f6rskolek\u00f6. H\u00e4r hittar du oss p\u00e5 Stockholms Stads sida och f\u00f6r att ans\u00f6ka om plats p\u00e5 F\u00f6r\u00e4ldrakooperativet Sture. Du \u00e4r \u00e4ven v\u00e4lkommen att kontakta oss om du vill anm\u00e4la ditt intresse. S\u00e5 ans\u00f6ker du F\u00f6r\u00e4ldrakooperativet Sture \u00e4r med i Stockholms ans\u00f6kningssystem och e-tj\u00e4nsten \u201dF\u00f6rskola och pedagogisk omsorg\u201d, d\u00e4r du kan st\u00e4lla ditt barn i k\u00f6 till v\u00e5r f\u00f6rskola. Vi f\u00f6ljer Stockholms stads k\u00f6regler f\u00f6r intagning och plats i f\u00f6rskola vilket inneb\u00e4r f\u00f6ljande ordning: 1. Barn med syskon i samma hush\u00e5ll som redan \u00e4r placerade p\u00e5 f\u00f6rskolan. 2. Barn&hellip;<\/p>\n","category_list":"","author_info":{"name":"admin","url":"https:\/\/www.forskolansture.se\/?author=1"},"comments_num":"0 comments","_links":{"self":[{"href":"https:\/\/www.forskolansture.se\/index.php?rest_route=\/wp\/v2\/pages\/215"}],"collection":[{"href":"https:\/\/www.forskolansture.se\/index.php?rest_route=\/wp\/v2\/pages"}],"about":[{"href":"https:\/\/www.forskolansture.se\/index.php?rest_route=\/wp\/v2\/types\/page"}],"author":[{"embeddable":true,"href":"https:\/\/www.forskolansture.se\/index.php?rest_route=\/wp\/v2\/users\/1"}],"replies":[{"embeddable":true,"href":"https:\/\/www.forskolansture.se\/index.php?rest_route=%2Fwp%2Fv2%2Fcomments&post=215"}],"version-history":[{"count":33,"href":"https:\/\/www.forskolansture.se\/index.php?rest_route=\/wp\/v2\/pages\/215\/revisions"}],"predecessor-version":[{"id":1512,"href":"https:\/\/www.forskolansture.se\/index.php?rest_route=\/wp\/v2\/pages\/215\/revisions\/1512"}],"wp:attachment":[{"href":"https:\/\/www.forskolansture.se\/index.php?rest_route=%2Fwp%2Fv2%2Fmedia&parent=215"}],"curies":[{"name":"wp","href":"https:\/\/api.w.org\/{rel}","templated":true}]}}